{"id":2354,"date":"2023-07-07T10:58:34","date_gmt":"2023-07-07T08:58:34","guid":{"rendered":"https:\/\/meetch.io\/?page_id=2354"},"modified":"2025-12-08T10:28:52","modified_gmt":"2025-12-08T09:28:52","slug":"demander-une-demonstration","status":"publish","type":"page","link":"https:\/\/meetch.io\/en\/demander-une-demonstration\/","title":{"rendered":"Request a demo"},"content":{"rendered":"<div class=\"vc_row wpb_row vc_row-fluid\"><div class=\"wpb_column vc_column_container vc_col-sm-12 sc_layouts_column_icons_position_left\"><div class=\"vc_column-inner\"><div class=\"wpb_wrapper\"><div class=\"vc_empty_space\"   style=\"height: 4em\"><span class=\"vc_empty_space_inner\"><\/span><\/div><div class=\"vc_empty_space  hide_on_tablet hide_on_mobile\"   style=\"height: 2em\"><span class=\"vc_empty_space_inner\"><\/span><\/div><div class=\"vc_empty_space  hide_on_mobile\"   style=\"height: 2em\"><span class=\"vc_empty_space_inner\"><\/span><\/div><div class=\"vc_row wpb_row vc_inner vc_row-fluid vc_row-o-content-middle vc_row-flex\"><div class=\"normal_padding wpb_column vc_column_container vc_col-sm-12 sc_layouts_column_icons_position_left\"><div class=\"vc_column-inner vc_custom_1518622430008\"><div class=\"wpb_wrapper\">\n\t<div class=\"wpb_text_column wpb_content_element\" >\n\t\t<div class=\"wpb_wrapper\">\n\t\t\t<h5 style=\"text-align: center;\"><strong>This form is strictly reserved for professionals.<\/strong>.<\/h5>\n<h5 style=\"text-align: center;\"><strong>If you are an individual<\/strong>, please use the dedicated claim form:<\/h5>\n\n\t\t<\/div>\n\t<\/div>\n<div class=\"vc_empty_space\"   style=\"height: 4em\"><span class=\"vc_empty_space_inner\"><\/span><\/div><div class=\"sc_item_button sc_button_wrap sc_align_center\"><a href=\"https:\/\/claim.meetch.io\/en\/login\" id=\"sc_button_1665498189\" class=\"sc_button color_style_default sc_button_bordered sc_button_size_normal sc_button_icon_left\" target=\"_blank\"><span class=\"sc_button_text\"><span class=\"sc_button_title\">Ask a refund<\/span><\/span><!-- \/.sc_button_text --><\/a><!-- \/.sc_button --><\/div><!-- \/.sc_item_button --><div class=\"vc_separator wpb_content_element vc_separator_align_center vc_sep_width_100 vc_sep_pos_align_center vc_separator_no_text vc_sep_color_grey\" ><span class=\"vc_sep_holder vc_sep_holder_l\"><span  class=\"vc_sep_line\"><\/span><\/span><span class=\"vc_sep_holder vc_sep_holder_r\"><span  class=\"vc_sep_line\"><\/span><\/span>\n<\/div>\n\t<div class=\"wpb_text_column wpb_content_element\" >\n\t\t<div class=\"wpb_wrapper\">\n\t\t\t<h2 style=\"text-align: center;\">If you are a professional and would like to find out more about<br \/>\n<strong>MEETCH cancellation insurance <\/strong>?<\/h2>\n\n\t\t<\/div>\n\t<\/div>\n<div class=\"vc_empty_space\"   style=\"height: 4em\"><span class=\"vc_empty_space_inner\"><\/span><\/div>\n\t<div class=\"wpb_raw_code wpb_content_element wpb_raw_html\" >\n\t\t<div class=\"wpb_wrapper\">\n\t\t\t<div data-tf-live=\"01KBN3T5D32N8VFP7XDWJTFHTM\"><\/div><script src=\"\/\/embed.typeform.com\/next\/embed.js\"><\/script>\n\t\t<\/div>\n\t<\/div>\n<\/div><\/div><\/div><\/div><div class=\"vc_empty_space\"   style=\"height: 4em\"><span class=\"vc_empty_space_inner\"><\/span><\/div><div class=\"vc_empty_space  hide_on_tablet hide_on_mobile\"   style=\"height: 3em\"><span class=\"vc_empty_space_inner\"><\/span><\/div><div class=\"vc_empty_space  hide_on_mobile\"   style=\"height: 2em\"><span class=\"vc_empty_space_inner\"><\/span><\/div><\/div><\/div><\/div><\/div>","protected":false},"excerpt":{"rendered":"Ce formulaire est strictement r\u00e9serv\u00e9 aux professionnels. Si vous \u00eates un particulier, veuillez utiliser le formulaire de demande de remboursement d\u00e9di\u00e9 : Demander un remboursement Vous \u00eates un professionnel et&hellip;","protected":false},"author":1,"featured_media":0,"parent":0,"menu_order":0,"comment_status":"closed","ping_status":"closed","template":"","meta":{"footnotes":""},"class_list":["post-2354","page","type-page","status-publish","hentry"],"yoast_head":"<!-- This site is optimized with the Yoast SEO plugin v23.0 - https:\/\/yoast.com\/wordpress\/plugins\/seo\/ -->\n<title>Demander une d\u00e9monstration - Meetch<\/title>\n<meta name=\"description\" content=\"N&#039;h\u00e9sitez pas \u00e0 prendre contact avec nous si vous avez la moindre question. Notre \u00e9quipe saura vous r\u00e9pondre et vous aider dans vos d\u00e9marches.\" \/>\n<meta name=\"robots\" content=\"index, follow, max-snippet:-1, max-image-preview:large, max-video-preview:-1\" \/>\n<link rel=\"canonical\" href=\"https:\/\/meetch.io\/en\/demander-une-demonstration\/\" \/>\n<meta property=\"og:locale\" content=\"en_US\" \/>\n<meta property=\"og:type\" content=\"article\" \/>\n<meta property=\"og:title\" content=\"Demander une d\u00e9monstration - Meetch\" \/>\n<meta property=\"og:description\" content=\"N&#039;h\u00e9sitez pas \u00e0 prendre contact avec nous si vous avez la moindre question. Notre \u00e9quipe saura vous r\u00e9pondre et vous aider dans vos d\u00e9marches.\" \/>\n<meta property=\"og:url\" content=\"https:\/\/meetch.io\/en\/demander-une-demonstration\/\" \/>\n<meta property=\"og:site_name\" content=\"Meetch\" \/>\n<meta property=\"article:modified_time\" content=\"2025-12-08T09:28:52+00:00\" \/>\n<meta name=\"twitter:card\" content=\"summary_large_image\" \/>\n<meta name=\"twitter:label1\" content=\"Est. reading time\" \/>\n\t<meta name=\"twitter:data1\" content=\"1 minute\" \/>\n<script type=\"application\/ld+json\" class=\"yoast-schema-graph\">{\"@context\":\"https:\/\/schema.org\",\"@graph\":[{\"@type\":\"WebPage\",\"@id\":\"https:\/\/meetch.io\/demander-une-demonstration\/\",\"url\":\"https:\/\/meetch.io\/demander-une-demonstration\/\",\"name\":\"Demander une d\u00e9monstration - Meetch\",\"isPartOf\":{\"@id\":\"https:\/\/meetch.io\/#website\"},\"datePublished\":\"2023-07-07T08:58:34+00:00\",\"dateModified\":\"2025-12-08T09:28:52+00:00\",\"description\":\"N'h\u00e9sitez pas \u00e0 prendre contact avec nous si vous avez la moindre question. Notre \u00e9quipe saura vous r\u00e9pondre et vous aider dans vos d\u00e9marches.\",\"breadcrumb\":{\"@id\":\"https:\/\/meetch.io\/demander-une-demonstration\/#breadcrumb\"},\"inLanguage\":\"en-US\",\"potentialAction\":[{\"@type\":\"ReadAction\",\"target\":[\"https:\/\/meetch.io\/demander-une-demonstration\/\"]}]},{\"@type\":\"BreadcrumbList\",\"@id\":\"https:\/\/meetch.io\/demander-une-demonstration\/#breadcrumb\",\"itemListElement\":[{\"@type\":\"ListItem\",\"position\":1,\"name\":\"Accueil\",\"item\":\"https:\/\/meetch.io\/\"},{\"@type\":\"ListItem\",\"position\":2,\"name\":\"Demander une d\u00e9monstration\"}]},{\"@type\":\"WebSite\",\"@id\":\"https:\/\/meetch.io\/#website\",\"url\":\"https:\/\/meetch.io\/\",\"name\":\"Meetch\",\"description\":\"Votre partenaire annulation\",\"publisher\":{\"@id\":\"https:\/\/meetch.io\/#organization\"},\"potentialAction\":[{\"@type\":\"SearchAction\",\"target\":{\"@type\":\"EntryPoint\",\"urlTemplate\":\"https:\/\/meetch.io\/?s={search_term_string}\"},\"query-input\":\"required name=search_term_string\"}],\"inLanguage\":\"en-US\"},{\"@type\":\"Organization\",\"@id\":\"https:\/\/meetch.io\/#organization\",\"name\":\"Meetch\",\"url\":\"https:\/\/meetch.io\/\",\"logo\":{\"@type\":\"ImageObject\",\"inLanguage\":\"en-US\",\"@id\":\"https:\/\/meetch.io\/#\/schema\/logo\/image\/\",\"url\":\"https:\/\/meetch.io\/wp-content\/uploads\/2022\/07\/cropped-meetch_horizontal_blanc-1.png\",\"contentUrl\":\"https:\/\/meetch.io\/wp-content\/uploads\/2022\/07\/cropped-meetch_horizontal_blanc-1.png\",\"width\":1200,\"height\":288,\"caption\":\"Meetch\"},\"image\":{\"@id\":\"https:\/\/meetch.io\/#\/schema\/logo\/image\/\"}}]}<\/script>\n<!-- \/ Yoast SEO plugin. -->","yoast_head_json":{"title":"Demander une d\u00e9monstration - Meetch","description":"N'h\u00e9sitez pas \u00e0 prendre contact avec nous si vous avez la moindre question. Notre \u00e9quipe saura vous r\u00e9pondre et vous aider dans vos d\u00e9marches.","robots":{"index":"index","follow":"follow","max-snippet":"max-snippet:-1","max-image-preview":"max-image-preview:large","max-video-preview":"max-video-preview:-1"},"canonical":"https:\/\/meetch.io\/en\/demander-une-demonstration\/","og_locale":"en_US","og_type":"article","og_title":"Demander une d\u00e9monstration - Meetch","og_description":"N'h\u00e9sitez pas \u00e0 prendre contact avec nous si vous avez la moindre question. Notre \u00e9quipe saura vous r\u00e9pondre et vous aider dans vos d\u00e9marches.","og_url":"https:\/\/meetch.io\/en\/demander-une-demonstration\/","og_site_name":"Meetch","article_modified_time":"2025-12-08T09:28:52+00:00","twitter_card":"summary_large_image","twitter_misc":{"Est. reading time":"1 minute"},"schema":{"@context":"https:\/\/schema.org","@graph":[{"@type":"WebPage","@id":"https:\/\/meetch.io\/demander-une-demonstration\/","url":"https:\/\/meetch.io\/demander-une-demonstration\/","name":"Demander une d\u00e9monstration - Meetch","isPartOf":{"@id":"https:\/\/meetch.io\/#website"},"datePublished":"2023-07-07T08:58:34+00:00","dateModified":"2025-12-08T09:28:52+00:00","description":"N'h\u00e9sitez pas \u00e0 prendre contact avec nous si vous avez la moindre question. Notre \u00e9quipe saura vous r\u00e9pondre et vous aider dans vos d\u00e9marches.","breadcrumb":{"@id":"https:\/\/meetch.io\/demander-une-demonstration\/#breadcrumb"},"inLanguage":"en-US","potentialAction":[{"@type":"ReadAction","target":["https:\/\/meetch.io\/demander-une-demonstration\/"]}]},{"@type":"BreadcrumbList","@id":"https:\/\/meetch.io\/demander-une-demonstration\/#breadcrumb","itemListElement":[{"@type":"ListItem","position":1,"name":"Accueil","item":"https:\/\/meetch.io\/"},{"@type":"ListItem","position":2,"name":"Demander une d\u00e9monstration"}]},{"@type":"WebSite","@id":"https:\/\/meetch.io\/#website","url":"https:\/\/meetch.io\/","name":"Meetch","description":"Votre partenaire annulation","publisher":{"@id":"https:\/\/meetch.io\/#organization"},"potentialAction":[{"@type":"SearchAction","target":{"@type":"EntryPoint","urlTemplate":"https:\/\/meetch.io\/?s={search_term_string}"},"query-input":"required name=search_term_string"}],"inLanguage":"en-US"},{"@type":"Organization","@id":"https:\/\/meetch.io\/#organization","name":"Meetch","url":"https:\/\/meetch.io\/","logo":{"@type":"ImageObject","inLanguage":"en-US","@id":"https:\/\/meetch.io\/#\/schema\/logo\/image\/","url":"https:\/\/meetch.io\/wp-content\/uploads\/2022\/07\/cropped-meetch_horizontal_blanc-1.png","contentUrl":"https:\/\/meetch.io\/wp-content\/uploads\/2022\/07\/cropped-meetch_horizontal_blanc-1.png","width":1200,"height":288,"caption":"Meetch"},"image":{"@id":"https:\/\/meetch.io\/#\/schema\/logo\/image\/"}}]}},"_links":{"self":[{"href":"https:\/\/meetch.io\/en\/wp-json\/wp\/v2\/pages\/2354","targetHints":{"allow":["GET"]}}],"collection":[{"href":"https:\/\/meetch.io\/en\/wp-json\/wp\/v2\/pages"}],"about":[{"href":"https:\/\/meetch.io\/en\/wp-json\/wp\/v2\/types\/page"}],"author":[{"embeddable":true,"href":"https:\/\/meetch.io\/en\/wp-json\/wp\/v2\/users\/1"}],"replies":[{"embeddable":true,"href":"https:\/\/meetch.io\/en\/wp-json\/wp\/v2\/comments?post=2354"}],"version-history":[{"count":29,"href":"https:\/\/meetch.io\/en\/wp-json\/wp\/v2\/pages\/2354\/revisions"}],"predecessor-version":[{"id":3833,"href":"https:\/\/meetch.io\/en\/wp-json\/wp\/v2\/pages\/2354\/revisions\/3833"}],"wp:attachment":[{"href":"https:\/\/meetch.io\/en\/wp-json\/wp\/v2\/media?parent=2354"}],"curies":[{"name":"wp","href":"https:\/\/api.w.org\/{rel}","templated":true}]}}