{"id":1689,"date":"2022-07-21T09:28:32","date_gmt":"2022-07-21T07:28:32","guid":{"rendered":"https:\/\/meetch.io\/?page_id=1689"},"modified":"2025-07-03T14:27:10","modified_gmt":"2025-07-03T12:27:10","slug":"mentions-legales","status":"publish","type":"page","link":"https:\/\/meetch.io\/en\/mentions-legales\/","title":{"rendered":"Legal information"},"content":{"rendered":"<p><\/p>\n\n\n\n<p><\/p>\n\n\n\n<p><\/p>\n\n\n\n<p><strong><em>Updates August 25, 2022<\/em><\/strong><\/p>\n\n\n\n<p class=\"translation-block\">In accordance with article n \u00b0 6 of Law n \u00b0 2004-575 of June 21, 2004 for confidence in the digital economy, it is specified to users of the site <a href=\"https:\/\/meetch.io\/en\/\" target=\"_self\">www.meetch.io<\/a> the identity of the various stakeholders in the context of its implementation and monitoring:<\/p>\n\n\n\n<h2 class=\"wp-block-heading\">Site Editor<\/h2>\n\n\n\n<p>141&nbsp;avenue de Wagram, 75017 PARIS<\/p>\n\n\n\n<p>Email: contact@meetch.io<\/p>\n\n\n\n<p>Website: www.meetch.io<\/p>\n\n\n\n<p><strong>Meetch<\/strong> is a trademark of the company <strong>PHENOMEN<\/strong><\/p>\n\n\n\n<h2 class=\"wp-block-heading\">Host<\/h2>\n\n\n\n<p>OVH SAS with capital of \u20ac10,174,560<\/p>\n\n\n\n<p>RCS Lille M\u00e9tropole 424 761 419 00045<\/p>\n\n\n\n<p>APE code<\/p>\n\n\n\n<p>TVA: FR 22 424 761 419<\/p>\n\n\n\n<p>Head office: 2 rue Kellermann \u2013 59100 Roubaix \u2013 France<\/p>\n\n\n\n<p>President: Michel Paulin<\/p>\n\n\n\n<p>OVH SAS is a subsidiary of OVH Groupe SA, a company registered with the Lille RCS under number 537 407 926 located at 2, rue Kellermann, 59100 Roubaix.<\/p>\n\n\n\n<h2 class=\"wp-block-heading\">Development <\/h2>\n\n\n\n<p><strong>PHENOMEN<\/strong><br><strong>141&nbsp;avenue de Wagram, 75017 PARIS<\/strong><\/p>\n\n\n\n<p>Email: <a href=\"mailto:tech@meetch.io\">tech@meetch.io<\/a><\/p>\n\n\n\n<p><\/p>\n\n\n\n<p><a href=\"\/en\/cgu\/\">Find our T&amp;Cs here.<\/a><\/p>","protected":false},"excerpt":{"rendered":"<p>Mises \u00e0 jour le 25 ao\u00fbt 2022 Conform\u00e9ment \u00e0 l\u2019article n\u00b06 de la Loi n\u00b02004-575 du 21 Juin 2004 pour la confiance dans l\u2019\u00e9conomie num\u00e9rique, il est pr\u00e9cis\u00e9 aux utilisateurs&hellip;<\/p>","protected":false},"author":1,"featured_media":0,"parent":0,"menu_order":0,"comment_status":"closed","ping_status":"closed","template":"","meta":{"footnotes":""},"class_list":["post-1689","page","type-page","status-publish","hentry"],"yoast_head":"<!-- This site is optimized with the Yoast SEO plugin v23.0 - https:\/\/yoast.com\/wordpress\/plugins\/seo\/ -->\n<title>Mentions l\u00e9gales - Meetch<\/title>\n<meta name=\"description\" content=\"Il est pr\u00e9cis\u00e9 aux utilisateurs du site meetch.io l\u2019identit\u00e9 des diff\u00e9rents intervenants dans le cadre de sa r\u00e9alisation et de son suivi.\" \/>\n<meta name=\"robots\" content=\"index, follow, max-snippet:-1, max-image-preview:large, max-video-preview:-1\" \/>\n<link rel=\"canonical\" href=\"https:\/\/meetch.io\/en\/mentions-legales\/\" \/>\n<meta property=\"og:locale\" content=\"en_US\" \/>\n<meta property=\"og:type\" content=\"article\" \/>\n<meta property=\"og:title\" content=\"Mentions l\u00e9gales - Meetch\" \/>\n<meta property=\"og:description\" content=\"Il est pr\u00e9cis\u00e9 aux utilisateurs du site meetch.io l\u2019identit\u00e9 des diff\u00e9rents intervenants dans le cadre de sa r\u00e9alisation et de son suivi.\" \/>\n<meta property=\"og:url\" content=\"https:\/\/meetch.io\/en\/mentions-legales\/\" \/>\n<meta property=\"og:site_name\" content=\"Meetch\" \/>\n<meta property=\"article:modified_time\" content=\"2025-07-03T12:27:10+00:00\" \/>\n<meta name=\"twitter:card\" content=\"summary_large_image\" \/>\n<meta name=\"twitter:label1\" content=\"Est. reading time\" \/>\n\t<meta name=\"twitter:data1\" content=\"1 minute\" \/>\n<script type=\"application\/ld+json\" class=\"yoast-schema-graph\">{\"@context\":\"https:\/\/schema.org\",\"@graph\":[{\"@type\":\"WebPage\",\"@id\":\"https:\/\/meetch.io\/mentions-legales\/\",\"url\":\"https:\/\/meetch.io\/mentions-legales\/\",\"name\":\"Mentions l\u00e9gales - Meetch\",\"isPartOf\":{\"@id\":\"https:\/\/meetch.io\/#website\"},\"datePublished\":\"2022-07-21T07:28:32+00:00\",\"dateModified\":\"2025-07-03T12:27:10+00:00\",\"description\":\"Il est pr\u00e9cis\u00e9 aux utilisateurs du site meetch.io l\u2019identit\u00e9 des diff\u00e9rents intervenants dans le cadre de sa r\u00e9alisation et de son suivi.\",\"breadcrumb\":{\"@id\":\"https:\/\/meetch.io\/mentions-legales\/#breadcrumb\"},\"inLanguage\":\"en-US\",\"potentialAction\":[{\"@type\":\"ReadAction\",\"target\":[\"https:\/\/meetch.io\/mentions-legales\/\"]}]},{\"@type\":\"BreadcrumbList\",\"@id\":\"https:\/\/meetch.io\/mentions-legales\/#breadcrumb\",\"itemListElement\":[{\"@type\":\"ListItem\",\"position\":1,\"name\":\"Accueil\",\"item\":\"https:\/\/meetch.io\/\"},{\"@type\":\"ListItem\",\"position\":2,\"name\":\"Mentions l\u00e9gales\"}]},{\"@type\":\"WebSite\",\"@id\":\"https:\/\/meetch.io\/#website\",\"url\":\"https:\/\/meetch.io\/\",\"name\":\"Meetch\",\"description\":\"Votre partenaire annulation\",\"publisher\":{\"@id\":\"https:\/\/meetch.io\/#organization\"},\"potentialAction\":[{\"@type\":\"SearchAction\",\"target\":{\"@type\":\"EntryPoint\",\"urlTemplate\":\"https:\/\/meetch.io\/?s={search_term_string}\"},\"query-input\":\"required name=search_term_string\"}],\"inLanguage\":\"en-US\"},{\"@type\":\"Organization\",\"@id\":\"https:\/\/meetch.io\/#organization\",\"name\":\"Meetch\",\"url\":\"https:\/\/meetch.io\/\",\"logo\":{\"@type\":\"ImageObject\",\"inLanguage\":\"en-US\",\"@id\":\"https:\/\/meetch.io\/#\/schema\/logo\/image\/\",\"url\":\"https:\/\/meetch.io\/wp-content\/uploads\/2022\/07\/cropped-meetch_horizontal_blanc-1.png\",\"contentUrl\":\"https:\/\/meetch.io\/wp-content\/uploads\/2022\/07\/cropped-meetch_horizontal_blanc-1.png\",\"width\":1200,\"height\":288,\"caption\":\"Meetch\"},\"image\":{\"@id\":\"https:\/\/meetch.io\/#\/schema\/logo\/image\/\"}}]}<\/script>\n<!-- \/ Yoast SEO plugin. -->","yoast_head_json":{"title":"Mentions l\u00e9gales - Meetch","description":"Il est pr\u00e9cis\u00e9 aux utilisateurs du site meetch.io l\u2019identit\u00e9 des diff\u00e9rents intervenants dans le cadre de sa r\u00e9alisation et de son suivi.","robots":{"index":"index","follow":"follow","max-snippet":"max-snippet:-1","max-image-preview":"max-image-preview:large","max-video-preview":"max-video-preview:-1"},"canonical":"https:\/\/meetch.io\/en\/mentions-legales\/","og_locale":"en_US","og_type":"article","og_title":"Mentions l\u00e9gales - Meetch","og_description":"Il est pr\u00e9cis\u00e9 aux utilisateurs du site meetch.io l\u2019identit\u00e9 des diff\u00e9rents intervenants dans le cadre de sa r\u00e9alisation et de son suivi.","og_url":"https:\/\/meetch.io\/en\/mentions-legales\/","og_site_name":"Meetch","article_modified_time":"2025-07-03T12:27:10+00:00","twitter_card":"summary_large_image","twitter_misc":{"Est. reading time":"1 minute"},"schema":{"@context":"https:\/\/schema.org","@graph":[{"@type":"WebPage","@id":"https:\/\/meetch.io\/mentions-legales\/","url":"https:\/\/meetch.io\/mentions-legales\/","name":"Mentions l\u00e9gales - Meetch","isPartOf":{"@id":"https:\/\/meetch.io\/#website"},"datePublished":"2022-07-21T07:28:32+00:00","dateModified":"2025-07-03T12:27:10+00:00","description":"Il est pr\u00e9cis\u00e9 aux utilisateurs du site meetch.io l\u2019identit\u00e9 des diff\u00e9rents intervenants dans le cadre de sa r\u00e9alisation et de son suivi.","breadcrumb":{"@id":"https:\/\/meetch.io\/mentions-legales\/#breadcrumb"},"inLanguage":"en-US","potentialAction":[{"@type":"ReadAction","target":["https:\/\/meetch.io\/mentions-legales\/"]}]},{"@type":"BreadcrumbList","@id":"https:\/\/meetch.io\/mentions-legales\/#breadcrumb","itemListElement":[{"@type":"ListItem","position":1,"name":"Accueil","item":"https:\/\/meetch.io\/"},{"@type":"ListItem","position":2,"name":"Mentions l\u00e9gales"}]},{"@type":"WebSite","@id":"https:\/\/meetch.io\/#website","url":"https:\/\/meetch.io\/","name":"Meetch","description":"Votre partenaire annulation","publisher":{"@id":"https:\/\/meetch.io\/#organization"},"potentialAction":[{"@type":"SearchAction","target":{"@type":"EntryPoint","urlTemplate":"https:\/\/meetch.io\/?s={search_term_string}"},"query-input":"required name=search_term_string"}],"inLanguage":"en-US"},{"@type":"Organization","@id":"https:\/\/meetch.io\/#organization","name":"Meetch","url":"https:\/\/meetch.io\/","logo":{"@type":"ImageObject","inLanguage":"en-US","@id":"https:\/\/meetch.io\/#\/schema\/logo\/image\/","url":"https:\/\/meetch.io\/wp-content\/uploads\/2022\/07\/cropped-meetch_horizontal_blanc-1.png","contentUrl":"https:\/\/meetch.io\/wp-content\/uploads\/2022\/07\/cropped-meetch_horizontal_blanc-1.png","width":1200,"height":288,"caption":"Meetch"},"image":{"@id":"https:\/\/meetch.io\/#\/schema\/logo\/image\/"}}]}},"_links":{"self":[{"href":"https:\/\/meetch.io\/en\/wp-json\/wp\/v2\/pages\/1689","targetHints":{"allow":["GET"]}}],"collection":[{"href":"https:\/\/meetch.io\/en\/wp-json\/wp\/v2\/pages"}],"about":[{"href":"https:\/\/meetch.io\/en\/wp-json\/wp\/v2\/types\/page"}],"author":[{"embeddable":true,"href":"https:\/\/meetch.io\/en\/wp-json\/wp\/v2\/users\/1"}],"replies":[{"embeddable":true,"href":"https:\/\/meetch.io\/en\/wp-json\/wp\/v2\/comments?post=1689"}],"version-history":[{"count":9,"href":"https:\/\/meetch.io\/en\/wp-json\/wp\/v2\/pages\/1689\/revisions"}],"predecessor-version":[{"id":3707,"href":"https:\/\/meetch.io\/en\/wp-json\/wp\/v2\/pages\/1689\/revisions\/3707"}],"wp:attachment":[{"href":"https:\/\/meetch.io\/en\/wp-json\/wp\/v2\/media?parent=1689"}],"curies":[{"name":"wp","href":"https:\/\/api.w.org\/{rel}","templated":true}]}}