{"id":153,"date":"2018-01-06T12:31:19","date_gmt":"2018-01-06T12:31:19","guid":{"rendered":"https:\/\/meetch.io\/?page_id=153"},"modified":"2024-04-26T14:43:15","modified_gmt":"2024-04-26T12:43:15","slug":"contact","status":"publish","type":"page","link":"https:\/\/meetch.io\/en\/contact\/","title":{"rendered":"Contact us"},"content":{"rendered":"<div class=\"vc_row wpb_row vc_row-fluid\"><div class=\"wpb_column vc_column_container vc_col-sm-12 sc_layouts_column_icons_position_left\"><div class=\"vc_column-inner\"><div class=\"wpb_wrapper\"><div class=\"vc_empty_space\"   style=\"height: 4em\"><span class=\"vc_empty_space_inner\"><\/span><\/div><div class=\"vc_empty_space  hide_on_tablet hide_on_mobile\"   style=\"height: 2em\"><span class=\"vc_empty_space_inner\"><\/span><\/div><div class=\"vc_empty_space  hide_on_mobile\"   style=\"height: 2em\"><span class=\"vc_empty_space_inner\"><\/span><\/div><div class=\"vc_row wpb_row vc_inner vc_row-fluid vc_row-o-content-middle vc_row-flex\"><div class=\"normal_padding wpb_column vc_column_container vc_col-sm-6 sc_layouts_column_icons_position_left\"><div class=\"vc_column-inner vc_custom_1518622430008\"><div class=\"wpb_wrapper\"><div id=\"sc_googlemap_1301201978_wrap\" class=\"sc_googlemap_wrap with_shadow\"><div id=\"sc_googlemap_1301201978\"\n\t\t\tclass=\"sc_googlemap sc_googlemap_default\"\n\t\t\tstyle=\"width:100%;height:545px;\"\t\t\tdata-zoom=\"13\"\n\t\t\tdata-style=\"dark\"\n\t\t\tdata-cluster-icon=\"\"\n        ><iframe\n                    src=\"https:\/\/maps.google.com\/maps?t=m&output=embed&iwloc=near&z=13&q=141+Av.+de+Wagram+75017+Paris\"\n                    scrolling=\"no\"\n                    marginheight=\"0\"\n                    marginwidth=\"0\"\n                    frameborder=\"0\"\n                    aria-label=\"\"><\/iframe><\/div><\/div><!-- \/.sc_googlemap_wrap --><\/div><\/div><\/div><div class=\"wpb_column vc_column_container vc_col-sm-6 sc_layouts_column_icons_position_left\"><div class=\"vc_column-inner\"><div class=\"wpb_wrapper\"><div class=\"vc_empty_space  hide_on_desktop hide_on_notebook hide_on_tablet\"   style=\"height: 3em\"><span class=\"vc_empty_space_inner\"><\/span><\/div><div id=\"sc_title_1604850322\"\r\n\t\tclass=\"sc_title color_style_default sc_title_decoration\"><h6 class=\"sc_item_subtitle sc_title_subtitle sc_align_left sc_item_title_style_decoration\">Our address<\/h6><h1 class=\"sc_item_title sc_title_title sc_align_left sc_item_title_style_decoration sc_item_title_tag\">Where to find us<\/h1><\/div><!-- \/.sc_title --><div class=\"vc_empty_space\"   style=\"height: 1em\"><span class=\"vc_empty_space_inner\"><\/span><\/div>\n\t<div class=\"wpb_text_column wpb_content_element\" >\n\t\t<div class=\"wpb_wrapper\">\n\t\t\t<h5>Address<\/h5>\n<p>141 Av. de Wagram 75017 Paris<\/p>\n<h5>Email<\/h5>\n<ul>\n<li>For individuals requesting a refund: <a href=\"mailto:contact@meetch.io\">contact@meetch.io<\/a><\/li>\n<li>For professionals who wish to be contacted:<\/li>\n<\/ul>\n\n\t\t<\/div>\n\t<\/div>\n<div class=\"vc_empty_space\"   style=\"height: 1em\"><span class=\"vc_empty_space_inner\"><\/span><\/div><div class=\"sc_item_button sc_button_wrap sc_align_left\"><a href=\"https:\/\/meetch.io\/en\/demander-une-demonstration\/\" id=\"sc_button_2091972398\" class=\"sc_button color_style_dark sc_button_bordered sc_button_size_normal sc_button_icon_left\"><span class=\"sc_button_text sc_align_center\"><span class=\"sc_button_title\">I wish to be contacted by the team<\/span><\/span><!-- \/.sc_button_text --><\/a><!-- \/.sc_button --><\/div><!-- \/.sc_item_button --><\/div><\/div><\/div><\/div><div class=\"vc_empty_space\"   style=\"height: 4em\"><span class=\"vc_empty_space_inner\"><\/span><\/div><div class=\"vc_empty_space  hide_on_tablet hide_on_mobile\"   style=\"height: 3em\"><span class=\"vc_empty_space_inner\"><\/span><\/div><div class=\"vc_empty_space  hide_on_mobile\"   style=\"height: 2em\"><span class=\"vc_empty_space_inner\"><\/span><\/div><\/div><\/div><\/div><\/div><div data-vc-full-width=\"true\" data-vc-full-width-init=\"false\" class=\"vc_row wpb_row vc_row-fluid vc_custom_1517819604060 vc_row-has-fill\"><div class=\"wpb_column vc_column_container vc_col-sm-12 sc_layouts_column_icons_position_left\"><div class=\"vc_column-inner\"><div class=\"wpb_wrapper\"><div class=\"vc_empty_space\"   style=\"height: 4em\"><span class=\"vc_empty_space_inner\"><\/span><\/div><div class=\"vc_empty_space  hide_on_tablet hide_on_mobile\"   style=\"height: 3.3em\"><span class=\"vc_empty_space_inner\"><\/span><\/div><div class=\"vc_empty_space  hide_on_mobile\"   style=\"height: 2em\"><span class=\"vc_empty_space_inner\"><\/span><\/div><div class=\"vc_row wpb_row vc_inner vc_row-fluid\"><div class=\"wpb_column vc_column_container vc_col-sm-2 sc_layouts_column_icons_position_left\"><div class=\"vc_column-inner\"><div class=\"wpb_wrapper\"><\/div><\/div><\/div><div class=\"wpb_column vc_column_container vc_col-sm-8 sc_layouts_column_icons_position_left\"><div class=\"vc_column-inner\"><div class=\"wpb_wrapper\"><div id=\"sc_title_238274825\"\r\n\t\tclass=\"sc_title color_style_default sc_title_decoration\"><h6 class=\"sc_item_subtitle sc_title_subtitle sc_align_center sc_item_title_style_decoration\">Write to us<\/h6><h1 class=\"sc_item_title sc_title_title sc_align_center sc_item_title_style_decoration sc_item_title_tag\">Any questions?<\/h1><\/div><!-- \/.sc_title --><div class=\"vc_empty_space\"   style=\"height: 1.6em\"><span class=\"vc_empty_space_inner\"><\/span><\/div>\n<div class=\"wpcf7 no-js\" id=\"wpcf7-f464-o1\" lang=\"en-US\" dir=\"ltr\" data-wpcf7-id=\"464\">\n<div class=\"screen-reader-response\"><p role=\"status\" aria-live=\"polite\" aria-atomic=\"true\"><\/p> <ul><\/ul><\/div>\n<form action=\"\/en\/wp-json\/wp\/v2\/pages\/153#wpcf7-f464-o1\" method=\"post\" class=\"wpcf7-form init\" aria-label=\"Contact form\" novalidate=\"novalidate\" data-status=\"init\" data-trp-original-action=\"\/en\/wp-json\/wp\/v2\/pages\/153#wpcf7-f464-o1\">\n<fieldset class=\"hidden-fields-container\"><input type=\"hidden\" name=\"_wpcf7\" value=\"464\" \/><input type=\"hidden\" name=\"_wpcf7_version\" value=\"6.1.4\" \/><input type=\"hidden\" name=\"_wpcf7_locale\" value=\"en_US\" \/><input type=\"hidden\" name=\"_wpcf7_unit_tag\" value=\"wpcf7-f464-o1\" \/><input type=\"hidden\" name=\"_wpcf7_container_post\" value=\"0\" \/><input type=\"hidden\" name=\"_wpcf7_posted_data_hash\" value=\"\" \/><input type=\"hidden\" name=\"_wpcf7_recaptcha_response\" value=\"\" \/>\n<\/fieldset>\n<div class=\"columns_wrap\">\n\t<div class=\"column-1_2\">\n\t\t<p><span class=\"wpcf7-form-control-wrap\" data-name=\"your-name\"><input size=\"40\" maxlength=\"400\" class=\"wpcf7-form-control wpcf7-text wpcf7-validates-as-required\" aria-required=\"true\" aria-invalid=\"false\" placeholder=\"Your name\" value=\"\" type=\"text\" name=\"your-name\" \/><\/span>\n\t\t<\/p>\n\t<\/div>\n\t<div class=\"column-1_2\">\n\t\t<p><span class=\"wpcf7-form-control-wrap\" data-name=\"your-email\"><input size=\"40\" maxlength=\"400\" class=\"wpcf7-form-control wpcf7-email wpcf7-validates-as-required wpcf7-text wpcf7-validates-as-email\" aria-required=\"true\" aria-invalid=\"false\" placeholder=\"Your email address\" value=\"\" type=\"email\" name=\"your-email\" \/><\/span>\n\t\t<\/p>\n\t<\/div>\n<\/div>\n<p><span class=\"wpcf7-form-control-wrap\" data-name=\"reason\"><select class=\"wpcf7-form-control wpcf7-select\" aria-invalid=\"false\" name=\"reason\"><option value=\"Motif de votre demande\">Motif de votre demande<\/option><option value=\"Demande de renseignement\">Demande de renseignement<\/option><option value=\"D\u00e9clarer un sinistre\">D\u00e9clarer un sinistre<\/option><option value=\"RGPD\">RGPD<\/option><option value=\"Autre\">Autre<\/option><\/select><\/span>\n<\/p>\n<div class=\"columns_wrap\">\n\t<div class=\"column-1_1\">\n\t\t<p><span class=\"wpcf7-form-control-wrap\" data-name=\"your-questions\"><input size=\"40\" maxlength=\"400\" class=\"wpcf7-form-control wpcf7-text wpcf7-validates-as-required\" aria-required=\"true\" aria-invalid=\"false\" placeholder=\"Subject\" value=\"\" type=\"text\" name=\"your-questions\" \/><\/span>\n\t\t<\/p>\n\t<\/div>\n<\/div>\n<div class=\"columns_wrap\">\n\t<div class=\"column-1_1\">\n\t\t<p><span class=\"wpcf7-form-control-wrap\" data-name=\"your-message\"><textarea cols=\"40\" rows=\"10\" maxlength=\"2000\" class=\"wpcf7-form-control wpcf7-textarea wpcf7-validates-as-required\" aria-required=\"true\" aria-invalid=\"false\" placeholder=\"Message\" name=\"your-message\"><\/textarea><\/span>\n\t\t<\/p>\n\t<\/div>\n<\/div>\n<div class=\"columns_wrap\">\n\t<div class=\"column-1_1\">\n\t\t<p><span class=\"wpcf7-form-control-wrap\" data-name=\"acceptance-157\"><span class=\"wpcf7-form-control wpcf7-acceptance\"><span class=\"wpcf7-list-item\"><label><input type=\"checkbox\" name=\"acceptance-157\" value=\"1\" aria-invalid=\"false\" \/><span class=\"wpcf7-list-item-label\">I agree to the data I submit being collected and stored.<\/span><\/label><\/span><\/span><\/span>\n\t\t<\/p>\n\t<\/div>\n<\/div>\n<div class=\"columns_wrap\">\n\t<div class=\"column-1_1 center\">\n\t\t<p><input class=\"wpcf7-form-control wpcf7-submit has-spinner\" type=\"submit\" value=\"Send your message\" \/>\n\t\t<\/p>\n\t<\/div>\n<\/div>\n<div class=\"wpcf7-response-output\" aria-hidden=\"true\"><\/div>\n<input type=\"hidden\" name=\"trp-form-language\" value=\"en\"\/><\/form>\n<\/div>\n<\/div><\/div><\/div><div class=\"wpb_column vc_column_container vc_col-sm-2 sc_layouts_column_icons_position_left\"><div class=\"vc_column-inner\"><div class=\"wpb_wrapper\"><\/div><\/div><\/div><\/div><div class=\"vc_empty_space\"   style=\"height: 4em\"><span class=\"vc_empty_space_inner\"><\/span><\/div><div class=\"vc_empty_space  hide_on_tablet hide_on_mobile\"   style=\"height: 3.3em\"><span class=\"vc_empty_space_inner\"><\/span><\/div><div class=\"vc_empty_space  hide_on_mobile\"   style=\"height: 2em\"><span class=\"vc_empty_space_inner\"><\/span><\/div><\/div><\/div><\/div><\/div><div class=\"vc_row-full-width vc_clearfix\"><\/div>","protected":false},"excerpt":{"rendered":"Notre adresseO\u00f9 nous trouver Adresse 141 Av. de Wagram 75017 Paris Email Pour les particuliers qui demandent un remboursement : contact@meetch.io Pour les professionnels qui souhaitent \u00eatre recontact\u00e9s : Je&hellip;","protected":false},"author":1,"featured_media":0,"parent":0,"menu_order":0,"comment_status":"closed","ping_status":"closed","template":"","meta":{"footnotes":""},"class_list":["post-153","page","type-page","status-publish","hentry"],"yoast_head":"<!-- This site is optimized with the Yoast SEO plugin v23.0 - https:\/\/yoast.com\/wordpress\/plugins\/seo\/ -->\n<title>Nous contacter - Meetch<\/title>\n<meta name=\"description\" content=\"N&#039;h\u00e9sitez pas \u00e0 prendre contact avec nous si vous avez la moindre question. Notre \u00e9quipe saura vous r\u00e9pondre et vous aider dans vos d\u00e9marches.\" \/>\n<meta name=\"robots\" content=\"index, follow, max-snippet:-1, max-image-preview:large, max-video-preview:-1\" \/>\n<link rel=\"canonical\" href=\"https:\/\/meetch.io\/en\/contact\/\" \/>\n<meta property=\"og:locale\" content=\"en_US\" \/>\n<meta property=\"og:type\" content=\"article\" \/>\n<meta property=\"og:title\" content=\"Nous contacter - Meetch\" \/>\n<meta property=\"og:description\" content=\"N&#039;h\u00e9sitez pas \u00e0 prendre contact avec nous si vous avez la moindre question. Notre \u00e9quipe saura vous r\u00e9pondre et vous aider dans vos d\u00e9marches.\" \/>\n<meta property=\"og:url\" content=\"https:\/\/meetch.io\/en\/contact\/\" \/>\n<meta property=\"og:site_name\" content=\"Meetch\" \/>\n<meta property=\"article:modified_time\" content=\"2024-04-26T12:43:15+00:00\" \/>\n<meta name=\"twitter:card\" content=\"summary_large_image\" \/>\n<meta name=\"twitter:label1\" content=\"Est. reading time\" \/>\n\t<meta name=\"twitter:data1\" content=\"1 minute\" \/>\n<script type=\"application\/ld+json\" class=\"yoast-schema-graph\">{\"@context\":\"https:\/\/schema.org\",\"@graph\":[{\"@type\":\"WebPage\",\"@id\":\"https:\/\/meetch.io\/contact\/\",\"url\":\"https:\/\/meetch.io\/contact\/\",\"name\":\"Nous contacter - Meetch\",\"isPartOf\":{\"@id\":\"https:\/\/meetch.io\/#website\"},\"datePublished\":\"2018-01-06T12:31:19+00:00\",\"dateModified\":\"2024-04-26T12:43:15+00:00\",\"description\":\"N'h\u00e9sitez pas \u00e0 prendre contact avec nous si vous avez la moindre question. Notre \u00e9quipe saura vous r\u00e9pondre et vous aider dans vos d\u00e9marches.\",\"breadcrumb\":{\"@id\":\"https:\/\/meetch.io\/contact\/#breadcrumb\"},\"inLanguage\":\"en-US\",\"potentialAction\":[{\"@type\":\"ReadAction\",\"target\":[\"https:\/\/meetch.io\/contact\/\"]}]},{\"@type\":\"BreadcrumbList\",\"@id\":\"https:\/\/meetch.io\/contact\/#breadcrumb\",\"itemListElement\":[{\"@type\":\"ListItem\",\"position\":1,\"name\":\"Accueil\",\"item\":\"https:\/\/meetch.io\/\"},{\"@type\":\"ListItem\",\"position\":2,\"name\":\"Nous contacter\"}]},{\"@type\":\"WebSite\",\"@id\":\"https:\/\/meetch.io\/#website\",\"url\":\"https:\/\/meetch.io\/\",\"name\":\"Meetch\",\"description\":\"Votre partenaire annulation\",\"publisher\":{\"@id\":\"https:\/\/meetch.io\/#organization\"},\"potentialAction\":[{\"@type\":\"SearchAction\",\"target\":{\"@type\":\"EntryPoint\",\"urlTemplate\":\"https:\/\/meetch.io\/?s={search_term_string}\"},\"query-input\":\"required name=search_term_string\"}],\"inLanguage\":\"en-US\"},{\"@type\":\"Organization\",\"@id\":\"https:\/\/meetch.io\/#organization\",\"name\":\"Meetch\",\"url\":\"https:\/\/meetch.io\/\",\"logo\":{\"@type\":\"ImageObject\",\"inLanguage\":\"en-US\",\"@id\":\"https:\/\/meetch.io\/#\/schema\/logo\/image\/\",\"url\":\"https:\/\/meetch.io\/wp-content\/uploads\/2022\/07\/cropped-meetch_horizontal_blanc-1.png\",\"contentUrl\":\"https:\/\/meetch.io\/wp-content\/uploads\/2022\/07\/cropped-meetch_horizontal_blanc-1.png\",\"width\":1200,\"height\":288,\"caption\":\"Meetch\"},\"image\":{\"@id\":\"https:\/\/meetch.io\/#\/schema\/logo\/image\/\"}}]}<\/script>\n<!-- \/ Yoast SEO plugin. -->","yoast_head_json":{"title":"Nous contacter - Meetch","description":"N'h\u00e9sitez pas \u00e0 prendre contact avec nous si vous avez la moindre question. Notre \u00e9quipe saura vous r\u00e9pondre et vous aider dans vos d\u00e9marches.","robots":{"index":"index","follow":"follow","max-snippet":"max-snippet:-1","max-image-preview":"max-image-preview:large","max-video-preview":"max-video-preview:-1"},"canonical":"https:\/\/meetch.io\/en\/contact\/","og_locale":"en_US","og_type":"article","og_title":"Nous contacter - Meetch","og_description":"N'h\u00e9sitez pas \u00e0 prendre contact avec nous si vous avez la moindre question. Notre \u00e9quipe saura vous r\u00e9pondre et vous aider dans vos d\u00e9marches.","og_url":"https:\/\/meetch.io\/en\/contact\/","og_site_name":"Meetch","article_modified_time":"2024-04-26T12:43:15+00:00","twitter_card":"summary_large_image","twitter_misc":{"Est. reading time":"1 minute"},"schema":{"@context":"https:\/\/schema.org","@graph":[{"@type":"WebPage","@id":"https:\/\/meetch.io\/contact\/","url":"https:\/\/meetch.io\/contact\/","name":"Nous contacter - Meetch","isPartOf":{"@id":"https:\/\/meetch.io\/#website"},"datePublished":"2018-01-06T12:31:19+00:00","dateModified":"2024-04-26T12:43:15+00:00","description":"N'h\u00e9sitez pas \u00e0 prendre contact avec nous si vous avez la moindre question. Notre \u00e9quipe saura vous r\u00e9pondre et vous aider dans vos d\u00e9marches.","breadcrumb":{"@id":"https:\/\/meetch.io\/contact\/#breadcrumb"},"inLanguage":"en-US","potentialAction":[{"@type":"ReadAction","target":["https:\/\/meetch.io\/contact\/"]}]},{"@type":"BreadcrumbList","@id":"https:\/\/meetch.io\/contact\/#breadcrumb","itemListElement":[{"@type":"ListItem","position":1,"name":"Accueil","item":"https:\/\/meetch.io\/"},{"@type":"ListItem","position":2,"name":"Nous contacter"}]},{"@type":"WebSite","@id":"https:\/\/meetch.io\/#website","url":"https:\/\/meetch.io\/","name":"Meetch","description":"Votre partenaire annulation","publisher":{"@id":"https:\/\/meetch.io\/#organization"},"potentialAction":[{"@type":"SearchAction","target":{"@type":"EntryPoint","urlTemplate":"https:\/\/meetch.io\/?s={search_term_string}"},"query-input":"required name=search_term_string"}],"inLanguage":"en-US"},{"@type":"Organization","@id":"https:\/\/meetch.io\/#organization","name":"Meetch","url":"https:\/\/meetch.io\/","logo":{"@type":"ImageObject","inLanguage":"en-US","@id":"https:\/\/meetch.io\/#\/schema\/logo\/image\/","url":"https:\/\/meetch.io\/wp-content\/uploads\/2022\/07\/cropped-meetch_horizontal_blanc-1.png","contentUrl":"https:\/\/meetch.io\/wp-content\/uploads\/2022\/07\/cropped-meetch_horizontal_blanc-1.png","width":1200,"height":288,"caption":"Meetch"},"image":{"@id":"https:\/\/meetch.io\/#\/schema\/logo\/image\/"}}]}},"_links":{"self":[{"href":"https:\/\/meetch.io\/en\/wp-json\/wp\/v2\/pages\/153","targetHints":{"allow":["GET"]}}],"collection":[{"href":"https:\/\/meetch.io\/en\/wp-json\/wp\/v2\/pages"}],"about":[{"href":"https:\/\/meetch.io\/en\/wp-json\/wp\/v2\/types\/page"}],"author":[{"embeddable":true,"href":"https:\/\/meetch.io\/en\/wp-json\/wp\/v2\/users\/1"}],"replies":[{"embeddable":true,"href":"https:\/\/meetch.io\/en\/wp-json\/wp\/v2\/comments?post=153"}],"version-history":[{"count":8,"href":"https:\/\/meetch.io\/en\/wp-json\/wp\/v2\/pages\/153\/revisions"}],"predecessor-version":[{"id":2527,"href":"https:\/\/meetch.io\/en\/wp-json\/wp\/v2\/pages\/153\/revisions\/2527"}],"wp:attachment":[{"href":"https:\/\/meetch.io\/en\/wp-json\/wp\/v2\/media?parent=153"}],"curies":[{"name":"wp","href":"https:\/\/api.w.org\/{rel}","templated":true}]}}